{"id":22200,"date":"2026-02-22T15:27:09","date_gmt":"2026-02-22T14:27:09","guid":{"rendered":"https:\/\/clearlightstudio.nl\/product\/test-2\/"},"modified":"2026-04-15T17:55:11","modified_gmt":"2026-04-15T15:55:11","slug":"test-2","status":"publish","type":"product","link":"https:\/\/clearlightstudio.nl\/en\/product\/test-2\/","title":{"rendered":"Handgemaakte CLS (SET Craft)"},"content":{"rendered":"<p><strong>Cadeauset \u201cBerries Delight\u201d \u2013 Handgemaakte gipsen kaarsen en kaarsenhouder. Een onweerstaanbare mix van fruitige aroma&#8217;s en ambachtelijk design, speciaal ontworpen om een vleugje kleur en geur in huis te brengen. Wat de set bevat: \u2022 Vanille- en bosbessenkaars (glas): Sojawas met een decoratie van slagroom, bramen en ambachtelijke wafels. \u2022 Aardbeienkaars (goudkleurig blik): Glanzende geltextuur met een intense aardbeiengeur. \u2022 CADEAU \u2013 Gipsen kaarsenhouder: Een uniek, handgegoten decoratief stuk met een gouden accent, perfect om oppervlakken te beschermen. Waarom kiezen voor deze set? \u2022 Natuurlijke materialen: Sojawas voor een schone en gezonde verbranding. \u2022 Handgemaakt: Alles is handgemaakt, van het gieten van het gips tot de decoratie van de kaars. \u2022 Compleet cadeau: U ontvangt de gipsen kaarsenhouder cadeau, klaar om neer te zetten.<\/strong><\/p>\n<p><span dir=\"auto\" style=\"vertical-align: inherit\"><span dir=\"auto\" style=\"vertical-align: inherit\"><strong><\/strong><\/span><\/span><\/p>\n<p>\u26a0\ufe0f \u2668\ufe0f <strong>Veiligheidsinstructies: BELANGRIJK: Voor een goede en veilige verbranding dient u de plastic decoratieve elementen van het oppervlak van de kaars te verwijderen voordat u de lont aansteekt. Bestel nu uw favoriete geur en tover uw ruimte om tot een oase van verwennerij!<\/strong><\/p>","protected":false},"excerpt":{"rendered":"<p><strong><span dir=\"auto\" style=\"vertical-align: inherit\"><span dir=\"auto\" style=\"vertical-align: inherit\">Set cadou \u201eDeliciul fructelor de p\u0103dure\u201d \u2013 Lum\u00e2n\u0103ri \u0219i suport din ipsos lucrate manual<\/span><\/span><\/strong><\/p>\n<p><strong><span dir=\"auto\" style=\"vertical-align: inherit\"><span dir=\"auto\" style=\"vertical-align: inherit\">Un amestec irezistibil de arome fructate \u0219i design artizanal, special creat pentru a aduce o pat\u0103 de culoare \u0219i parfum \u00een orice cas\u0103.<\/span><\/span><\/strong><\/p>\n<p><strong><span dir=\"auto\" style=\"vertical-align: inherit\"><span dir=\"auto\" style=\"vertical-align: inherit\">Ce include setul:<\/span><\/span><\/strong><\/p>\n<p><strong><span dir=\"auto\" style=\"vertical-align: inherit\"><span dir=\"auto\" style=\"vertical-align: inherit\">\u2022 Lum\u00e2nare cu vanilie \u0219i afine (sticl\u0103): Cear\u0103 de soia cu decor \u201efri\u0219c\u0103\u201d, mure \u0219i vafe artizanale.<\/span><\/span><\/strong><\/p>\n<p><strong><span dir=\"auto\" style=\"vertical-align: inherit\"><span dir=\"auto\" style=\"vertical-align: inherit\">\u2022 Lum\u00e2nare cu c\u0103p\u0219uni (staniu auriu): Textur\u0103 de gel str\u0103lucitor cu arom\u0103 intens\u0103 de c\u0103p\u0219uni.<\/span><\/span><\/strong><\/p>\n<p><strong><span dir=\"auto\" style=\"vertical-align: inherit\"><span dir=\"auto\" style=\"vertical-align: inherit\">\u2022 CADOU \u2013 Suport pentru aripi din ipsos: O pies\u0103 decorativ\u0103 unic\u0103, turnat\u0103 manual, cu accent auriu, perfect\u0103 pentru protejarea suprafe\u021belor.<\/span><\/span><\/strong><\/p>\n<p><strong><span dir=\"auto\" style=\"vertical-align: inherit\"><span dir=\"auto\" style=\"vertical-align: inherit\">De ce s\u0103 o alegi?<\/span><\/span><\/strong><\/p>\n<p><strong><span dir=\"auto\" style=\"vertical-align: inherit\"><span dir=\"auto\" style=\"vertical-align: inherit\">\u2022 Materiale naturale: Cear\u0103 de soia pentru o arsur\u0103 curat\u0103 \u0219i s\u0103n\u0103toas\u0103.<\/span><\/span><\/strong><\/p>\n<p><strong><span dir=\"auto\" style=\"vertical-align: inherit\"><span dir=\"auto\" style=\"vertical-align: inherit\">\u2022 Lucrat manual: Totul este realizat manual, de la turnarea din ipsos p\u00e2n\u0103 la decorarea lum\u00e2n\u0103rilor.<\/span><\/span><\/strong><\/p>\n<p><strong><span dir=\"auto\" style=\"vertical-align: inherit\"><span dir=\"auto\" style=\"vertical-align: inherit\">\u2022 Cadou complet: Prime\u0219ti suportul pentru ipsos cadou, gata de expus.<\/span><\/span><\/strong><\/p>","protected":false},"featured_media":22199,"comment_status":"open","ping_status":"closed","template":"","meta":{"site-sidebar-layout":"default","site-content-layout":"","ast-site-content-layout":"default","site-content-style":"default","site-sidebar-style":"default","ast-global-header-display":"","ast-banner-title-visibility":"","ast-main-header-display":"","ast-hfb-above-header-display":"","ast-hfb-below-header-display":"","ast-hfb-mobile-header-display":"","site-post-title":"","ast-breadcrumbs-content":"","ast-featured-img":"","footer-sml-layout":"","ast-disable-related-posts":"","theme-transparent-header-meta":"default","adv-header-id-meta":"","stick-header-meta":"default","header-above-stick-meta":"","header-main-stick-meta":"","header-below-stick-meta":"","astra-migrate-meta-layouts":"set","ast-page-background-enabled":"default","ast-page-background-meta":{"desktop":{"background-color":"var(--ast-global-color-4)","background-image":"","background-repeat":"repeat","background-position":"center center","background-size":"auto","background-attachment":"scroll","background-type":"","background-media":"","overlay-type":"","overlay-color":"","overlay-opacity":"","overlay-gradient":""},"tablet":{"background-color":"","background-image":"","background-repeat":"repeat","background-position":"center center","background-size":"auto","background-attachment":"scroll","background-type":"","background-media":"","overlay-type":"","overlay-color":"","overlay-opacity":"","overlay-gradient":""},"mobile":{"background-color":"","background-image":"","background-repeat":"repeat","background-position":"center center","background-size":"auto","background-attachment":"scroll","background-type":"","background-media":"","overlay-type":"","overlay-color":"","overlay-opacity":"","overlay-gradient":""}},"ast-content-background-meta":{"desktop":{"background-color":"var(--ast-global-color-5)","background-image":"","background-repeat":"repeat","background-position":"center center","background-size":"auto","background-attachment":"scroll","background-type":"","background-media":"","overlay-type":"","overlay-color":"","overlay-opacity":"","overlay-gradient":""},"tablet":{"background-color":"var(--ast-global-color-5)","background-image":"","background-repeat":"repeat","background-position":"center center","background-size":"auto","background-attachment":"scroll","background-type":"","background-media":"","overlay-type":"","overlay-color":"","overlay-opacity":"","overlay-gradient":""},"mobile":{"background-color":"var(--ast-global-color-5)","background-image":"","background-repeat":"repeat","background-position":"center center","background-size":"auto","background-attachment":"scroll","background-type":"","background-media":"","overlay-type":"","overlay-color":"","overlay-opacity":"","overlay-gradient":""}},"jetpack_post_was_ever_published":false,"jetpack_publicize_message":"","jetpack_publicize_feature_enabled":true,"jetpack_social_post_already_shared":false,"jetpack_social_options":{"image_generator_settings":{"template":"highway","default_image_id":0,"font":"","enabled":false},"version":2}},"product_brand":[],"product_cat":[356],"product_tag":[],"class_list":{"0":"post-22200","1":"product","2":"type-product","3":"status-publish","4":"has-post-thumbnail","6":"product_cat-kaarsensets","7":"desktop-align-center","8":"tablet-align-left","9":"mobile-align-left","10":"ast-product-gallery-layout-vertical-slider","11":"ast-product-tabs-layout-accordion","12":"ast-qv-on-image-click","14":"first","15":"instock","16":"sale","17":"taxable","18":"shipping-taxable","19":"purchasable","20":"product-type-simple"},"yoast_head":"<!-- This site is optimized with the Yoast SEO plugin v27.4 - https:\/\/yoast.com\/product\/yoast-seo-wordpress\/ -->\n<title>Handgemaakte CLS (SET Craft) &#8212; ClearLightStudio<\/title>\n<meta name=\"robots\" content=\"index, follow, max-snippet:-1, max-image-preview:large, max-video-preview:-1\" \/>\n<link rel=\"canonical\" href=\"https:\/\/clearlightstudio.nl\/en\/product\/test-2\/\" \/>\n<meta property=\"og:locale\" content=\"en_US\" \/>\n<meta property=\"og:type\" content=\"article\" \/>\n<meta property=\"og:title\" content=\"Handgemaakte CLS (SET Craft) &#8212; ClearLightStudio\" \/>\n<meta property=\"og:description\" content=\"Set cadou \u201eDeliciul fructelor de p\u0103dure\u201d \u2013 Lum\u00e2n\u0103ri \u0219i suport din ipsos lucrate manual  Un amestec irezistibil de arome fructate \u0219i design artizanal, special creat pentru a aduce o pat\u0103 de culoare \u0219i parfum \u00een orice cas\u0103.  Ce include setul:  \u2022 Lum\u00e2nare cu vanilie \u0219i afine (sticl\u0103): Cear\u0103 de soia cu decor \u201efri\u0219c\u0103\u201d, mure \u0219i vafe artizanale.  \u2022 Lum\u00e2nare cu c\u0103p\u0219uni (staniu auriu): Textur\u0103 de gel str\u0103lucitor cu arom\u0103 intens\u0103 de c\u0103p\u0219uni.  \u2022 CADOU \u2013 Suport pentru aripi din ipsos: O pies\u0103 decorativ\u0103 unic\u0103, turnat\u0103 manual, cu accent auriu, perfect\u0103 pentru protejarea suprafe\u021belor.  De ce s\u0103 o alegi?  \u2022 Materiale naturale: Cear\u0103 de soia pentru o arsur\u0103 curat\u0103 \u0219i s\u0103n\u0103toas\u0103.  \u2022 Lucrat manual: Totul este realizat manual, de la turnarea din ipsos p\u00e2n\u0103 la decorarea lum\u00e2n\u0103rilor.  \u2022 Cadou complet: Prime\u0219ti suportul pentru ipsos cadou, gata de expus.\" \/>\n<meta property=\"og:url\" content=\"https:\/\/clearlightstudio.nl\/en\/product\/test-2\/\" \/>\n<meta property=\"og:site_name\" content=\"ClearLightStudio\" \/>\n<meta property=\"article:modified_time\" content=\"2026-04-15T15:55:11+00:00\" \/>\n<meta property=\"og:image\" content=\"https:\/\/clearlightstudio.nl\/wp-content\/uploads\/2026\/02\/img_7174-photoroom.jpeg\" \/>\n\t<meta property=\"og:image:width\" content=\"1512\" \/>\n\t<meta property=\"og:image:height\" content=\"1512\" \/>\n\t<meta property=\"og:image:type\" content=\"image\/jpeg\" \/>\n<meta name=\"twitter:card\" content=\"summary_large_image\" \/>\n<meta name=\"twitter:label1\" content=\"Est. reading time\" \/>\n\t<meta name=\"twitter:data1\" content=\"1 minute\" \/>\n<script type=\"application\/ld+json\" class=\"yoast-schema-graph\">{\"@context\":\"https:\\\/\\\/schema.org\",\"@graph\":[{\"@type\":\"WebPage\",\"@id\":\"https:\\\/\\\/clearlightstudio.nl\\\/nl_nl\\\/product\\\/test-2\\\/\",\"url\":\"https:\\\/\\\/clearlightstudio.nl\\\/nl_nl\\\/product\\\/test-2\\\/\",\"name\":\"Handgemaakte CLS (SET Craft) &#8212; ClearLightStudio\",\"isPartOf\":{\"@id\":\"https:\\\/\\\/clearlightstudio.nl\\\/en\\\/#website\"},\"primaryImageOfPage\":{\"@id\":\"https:\\\/\\\/clearlightstudio.nl\\\/nl_nl\\\/product\\\/test-2\\\/#primaryimage\"},\"image\":{\"@id\":\"https:\\\/\\\/clearlightstudio.nl\\\/nl_nl\\\/product\\\/test-2\\\/#primaryimage\"},\"thumbnailUrl\":\"https:\\\/\\\/clearlightstudio.nl\\\/wp-content\\\/uploads\\\/2026\\\/02\\\/img_7174-photoroom.jpeg\",\"datePublished\":\"2026-02-22T14:27:09+00:00\",\"dateModified\":\"2026-04-15T15:55:11+00:00\",\"breadcrumb\":{\"@id\":\"https:\\\/\\\/clearlightstudio.nl\\\/nl_nl\\\/product\\\/test-2\\\/#breadcrumb\"},\"inLanguage\":\"en-US\",\"potentialAction\":[{\"@type\":\"ReadAction\",\"target\":[\"https:\\\/\\\/clearlightstudio.nl\\\/nl_nl\\\/product\\\/test-2\\\/\"]}]},{\"@type\":\"ImageObject\",\"inLanguage\":\"en-US\",\"@id\":\"https:\\\/\\\/clearlightstudio.nl\\\/nl_nl\\\/product\\\/test-2\\\/#primaryimage\",\"url\":\"https:\\\/\\\/clearlightstudio.nl\\\/wp-content\\\/uploads\\\/2026\\\/02\\\/img_7174-photoroom.jpeg\",\"contentUrl\":\"https:\\\/\\\/clearlightstudio.nl\\\/wp-content\\\/uploads\\\/2026\\\/02\\\/img_7174-photoroom.jpeg\",\"width\":1512,\"height\":1512},{\"@type\":\"BreadcrumbList\",\"@id\":\"https:\\\/\\\/clearlightstudio.nl\\\/nl_nl\\\/product\\\/test-2\\\/#breadcrumb\",\"itemListElement\":[{\"@type\":\"ListItem\",\"position\":1,\"name\":\"Home\",\"item\":\"https:\\\/\\\/clearlightstudio.nl\\\/\"},{\"@type\":\"ListItem\",\"position\":2,\"name\":\"Products\",\"item\":\"https:\\\/\\\/clearlightstudio.nl\\\/shop\\\/\"},{\"@type\":\"ListItem\",\"position\":3,\"name\":\"Handgemaakte CLS (SET Craft)\"}]},{\"@type\":\"WebSite\",\"@id\":\"https:\\\/\\\/clearlightstudio.nl\\\/en\\\/#website\",\"url\":\"https:\\\/\\\/clearlightstudio.nl\\\/en\\\/\",\"name\":\"ClearLightStudio\",\"description\":\"\",\"publisher\":{\"@id\":\"https:\\\/\\\/clearlightstudio.nl\\\/en\\\/#\\\/schema\\\/person\\\/f991bfc218f698c0e584a214ff55c507\"},\"alternateName\":\"CLS\",\"potentialAction\":[{\"@type\":\"SearchAction\",\"target\":{\"@type\":\"EntryPoint\",\"urlTemplate\":\"https:\\\/\\\/clearlightstudio.nl\\\/en\\\/?s={search_term_string}\"},\"query-input\":{\"@type\":\"PropertyValueSpecification\",\"valueRequired\":true,\"valueName\":\"search_term_string\"}}],\"inLanguage\":\"en-US\"},{\"@type\":[\"Person\",\"Organization\"],\"@id\":\"https:\\\/\\\/clearlightstudio.nl\\\/en\\\/#\\\/schema\\\/person\\\/f991bfc218f698c0e584a214ff55c507\",\"name\":\"Florin N\u0103stac\",\"image\":{\"@type\":\"ImageObject\",\"inLanguage\":\"en-US\",\"@id\":\"https:\\\/\\\/clearlightstudio.nl\\\/wp-content\\\/uploads\\\/2026\\\/03\\\/Photoroom_20260326_115044-scaled.jpeg\",\"url\":\"https:\\\/\\\/clearlightstudio.nl\\\/wp-content\\\/uploads\\\/2026\\\/03\\\/Photoroom_20260326_115044-scaled.jpeg\",\"contentUrl\":\"https:\\\/\\\/clearlightstudio.nl\\\/wp-content\\\/uploads\\\/2026\\\/03\\\/Photoroom_20260326_115044-scaled.jpeg\",\"width\":2560,\"height\":1860,\"caption\":\"Florin N\u0103stac\"},\"logo\":{\"@id\":\"https:\\\/\\\/clearlightstudio.nl\\\/wp-content\\\/uploads\\\/2026\\\/03\\\/Photoroom_20260326_115044-scaled.jpeg\"},\"description\":\"Twee jonge mensen, een droom en veel licht Wij zijn een ambitieus jong stel dat 10 jaar geleden Nederland als ons tweede thuis koos. We werken hier nu al tien jaar, hebben een carri\u00e8re opgebouwd en geleerd dat elke droom, hoe klein ook, werkelijkheid kan worden door doorzettingsvermogen. ClearLightStudio is niet zomaar een kaarsenwinkel; het is ons zielsproject, geboren uit de wens om na een lange werkdag een vleugje warmte en rust in de huizen van de mensen om ons heen te brengen. Onze passie, in elk detail.\",\"sameAs\":[\"https:\\\/\\\/clearlightstudio.nl\"]}]}<\/script>\n<!-- \/ Yoast SEO plugin. -->","yoast_head_json":{"title":"Handgemaakte CLS (SET Craft) &#8212; ClearLightStudio","robots":{"index":"index","follow":"follow","max-snippet":"max-snippet:-1","max-image-preview":"max-image-preview:large","max-video-preview":"max-video-preview:-1"},"canonical":"https:\/\/clearlightstudio.nl\/en\/product\/test-2\/","og_locale":"en_US","og_type":"article","og_title":"Handgemaakte CLS (SET Craft) &#8212; ClearLightStudio","og_description":"Set cadou \u201eDeliciul fructelor de p\u0103dure\u201d \u2013 Lum\u00e2n\u0103ri \u0219i suport din ipsos lucrate manual  Un amestec irezistibil de arome fructate \u0219i design artizanal, special creat pentru a aduce o pat\u0103 de culoare \u0219i parfum \u00een orice cas\u0103.  Ce include setul:  \u2022 Lum\u00e2nare cu vanilie \u0219i afine (sticl\u0103): Cear\u0103 de soia cu decor \u201efri\u0219c\u0103\u201d, mure \u0219i vafe artizanale.  \u2022 Lum\u00e2nare cu c\u0103p\u0219uni (staniu auriu): Textur\u0103 de gel str\u0103lucitor cu arom\u0103 intens\u0103 de c\u0103p\u0219uni.  \u2022 CADOU \u2013 Suport pentru aripi din ipsos: O pies\u0103 decorativ\u0103 unic\u0103, turnat\u0103 manual, cu accent auriu, perfect\u0103 pentru protejarea suprafe\u021belor.  De ce s\u0103 o alegi?  \u2022 Materiale naturale: Cear\u0103 de soia pentru o arsur\u0103 curat\u0103 \u0219i s\u0103n\u0103toas\u0103.  \u2022 Lucrat manual: Totul este realizat manual, de la turnarea din ipsos p\u00e2n\u0103 la decorarea lum\u00e2n\u0103rilor.  \u2022 Cadou complet: Prime\u0219ti suportul pentru ipsos cadou, gata de expus.","og_url":"https:\/\/clearlightstudio.nl\/en\/product\/test-2\/","og_site_name":"ClearLightStudio","article_modified_time":"2026-04-15T15:55:11+00:00","og_image":[{"width":1512,"height":1512,"url":"https:\/\/clearlightstudio.nl\/wp-content\/uploads\/2026\/02\/img_7174-photoroom.jpeg","type":"image\/jpeg"}],"twitter_card":"summary_large_image","twitter_misc":{"Est. reading time":"1 minute"},"schema":{"@context":"https:\/\/schema.org","@graph":[{"@type":"WebPage","@id":"https:\/\/clearlightstudio.nl\/nl_nl\/product\/test-2\/","url":"https:\/\/clearlightstudio.nl\/nl_nl\/product\/test-2\/","name":"Handgemaakte CLS (SET Craft) &#8212; ClearLightStudio","isPartOf":{"@id":"https:\/\/clearlightstudio.nl\/en\/#website"},"primaryImageOfPage":{"@id":"https:\/\/clearlightstudio.nl\/nl_nl\/product\/test-2\/#primaryimage"},"image":{"@id":"https:\/\/clearlightstudio.nl\/nl_nl\/product\/test-2\/#primaryimage"},"thumbnailUrl":"https:\/\/clearlightstudio.nl\/wp-content\/uploads\/2026\/02\/img_7174-photoroom.jpeg","datePublished":"2026-02-22T14:27:09+00:00","dateModified":"2026-04-15T15:55:11+00:00","breadcrumb":{"@id":"https:\/\/clearlightstudio.nl\/nl_nl\/product\/test-2\/#breadcrumb"},"inLanguage":"en-US","potentialAction":[{"@type":"ReadAction","target":["https:\/\/clearlightstudio.nl\/nl_nl\/product\/test-2\/"]}]},{"@type":"ImageObject","inLanguage":"en-US","@id":"https:\/\/clearlightstudio.nl\/nl_nl\/product\/test-2\/#primaryimage","url":"https:\/\/clearlightstudio.nl\/wp-content\/uploads\/2026\/02\/img_7174-photoroom.jpeg","contentUrl":"https:\/\/clearlightstudio.nl\/wp-content\/uploads\/2026\/02\/img_7174-photoroom.jpeg","width":1512,"height":1512},{"@type":"BreadcrumbList","@id":"https:\/\/clearlightstudio.nl\/nl_nl\/product\/test-2\/#breadcrumb","itemListElement":[{"@type":"ListItem","position":1,"name":"Home","item":"https:\/\/clearlightstudio.nl\/"},{"@type":"ListItem","position":2,"name":"Products","item":"https:\/\/clearlightstudio.nl\/shop\/"},{"@type":"ListItem","position":3,"name":"Handgemaakte CLS (SET Craft)"}]},{"@type":"WebSite","@id":"https:\/\/clearlightstudio.nl\/en\/#website","url":"https:\/\/clearlightstudio.nl\/en\/","name":"ClearLightStudio","description":"","publisher":{"@id":"https:\/\/clearlightstudio.nl\/en\/#\/schema\/person\/f991bfc218f698c0e584a214ff55c507"},"alternateName":"CLS","potentialAction":[{"@type":"SearchAction","target":{"@type":"EntryPoint","urlTemplate":"https:\/\/clearlightstudio.nl\/en\/?s={search_term_string}"},"query-input":{"@type":"PropertyValueSpecification","valueRequired":true,"valueName":"search_term_string"}}],"inLanguage":"en-US"},{"@type":["Person","Organization"],"@id":"https:\/\/clearlightstudio.nl\/en\/#\/schema\/person\/f991bfc218f698c0e584a214ff55c507","name":"Florin N\u0103stac","image":{"@type":"ImageObject","inLanguage":"en-US","@id":"https:\/\/clearlightstudio.nl\/wp-content\/uploads\/2026\/03\/Photoroom_20260326_115044-scaled.jpeg","url":"https:\/\/clearlightstudio.nl\/wp-content\/uploads\/2026\/03\/Photoroom_20260326_115044-scaled.jpeg","contentUrl":"https:\/\/clearlightstudio.nl\/wp-content\/uploads\/2026\/03\/Photoroom_20260326_115044-scaled.jpeg","width":2560,"height":1860,"caption":"Florin N\u0103stac"},"logo":{"@id":"https:\/\/clearlightstudio.nl\/wp-content\/uploads\/2026\/03\/Photoroom_20260326_115044-scaled.jpeg"},"description":"Twee jonge mensen, een droom en veel licht Wij zijn een ambitieus jong stel dat 10 jaar geleden Nederland als ons tweede thuis koos. We werken hier nu al tien jaar, hebben een carri\u00e8re opgebouwd en geleerd dat elke droom, hoe klein ook, werkelijkheid kan worden door doorzettingsvermogen. ClearLightStudio is niet zomaar een kaarsenwinkel; het is ons zielsproject, geboren uit de wens om na een lange werkdag een vleugje warmte en rust in de huizen van de mensen om ons heen te brengen. Onze passie, in elk detail.","sameAs":["https:\/\/clearlightstudio.nl"]}]}},"jetpack_publicize_connections":[],"jetpack_likes_enabled":true,"jetpack_sharing_enabled":true,"jetpack-related-posts":[],"_links":{"self":[{"href":"https:\/\/clearlightstudio.nl\/en\/wp-json\/wp\/v2\/product\/22200","targetHints":{"allow":["GET"]}}],"collection":[{"href":"https:\/\/clearlightstudio.nl\/en\/wp-json\/wp\/v2\/product"}],"about":[{"href":"https:\/\/clearlightstudio.nl\/en\/wp-json\/wp\/v2\/types\/product"}],"replies":[{"embeddable":true,"href":"https:\/\/clearlightstudio.nl\/en\/wp-json\/wp\/v2\/comments?post=22200"}],"wp:featuredmedia":[{"embeddable":true,"href":"https:\/\/clearlightstudio.nl\/en\/wp-json\/wp\/v2\/media\/22199"}],"wp:attachment":[{"href":"https:\/\/clearlightstudio.nl\/en\/wp-json\/wp\/v2\/media?parent=22200"}],"wp:term":[{"taxonomy":"product_brand","embeddable":true,"href":"https:\/\/clearlightstudio.nl\/en\/wp-json\/wp\/v2\/product_brand?post=22200"},{"taxonomy":"product_cat","embeddable":true,"href":"https:\/\/clearlightstudio.nl\/en\/wp-json\/wp\/v2\/product_cat?post=22200"},{"taxonomy":"product_tag","embeddable":true,"href":"https:\/\/clearlightstudio.nl\/en\/wp-json\/wp\/v2\/product_tag?post=22200"}],"curies":[{"name":"wp","href":"https:\/\/api.w.org\/{rel}","templated":true}]}}